{"id":9185,"date":"2023-02-09T15:10:40","date_gmt":"2023-02-09T12:10:40","guid":{"rendered":"https:\/\/dostlarkoltukyikama.com.tr\/TR\/?page_id=9185"},"modified":"2023-02-09T16:10:26","modified_gmt":"2023-02-09T13:10:26","slug":"store-perde-yikama","status":"publish","type":"page","link":"https:\/\/dostlarkoltukyikama.com.tr\/TR\/index.php\/ankara-hali-koltuk-yikama-hizmetleri\/store-perde-yikama\/","title":{"rendered":"Store Perde Y\u0131kama"},"content":{"rendered":"\t\t<div data-elementor-type=\"wp-page\" data-elementor-id=\"9185\" class=\"elementor elementor-9185\">\n\t\t\t\t        <section class=\"elementor-section elementor-top-section elementor-element elementor-element-f47991d elementor-section-boxed elementor-section-height-default elementor-section-height-default ct-header-fixed-none ct-column-none ct-row-scroll-none ct-row-gradient--none\" data-id=\"f47991d\" data-element_type=\"section\">\n            \n                        <div class=\"elementor-container elementor-column-gap-default \">\n                            <div class=\"elementor-row\">\n                    <div class=\"elementor-column elementor-col-100 elementor-top-column elementor-element elementor-element-be8ef5f ct-column-none col-offset-none col-color-offset-none\" data-id=\"be8ef5f\" data-element_type=\"column\">\n            <div class=\"elementor-column-wrap elementor-element-populated\">\n                            <div class=\"elementor-widget-wrap\">\n                \t\t<div class=\"elementor-element elementor-element-bfe7ef6 elementor-widget elementor-widget-text-editor\" data-id=\"bfe7ef6\" data-element_type=\"widget\" data-widget_type=\"text-editor.default\">\n\t\t\t\t<div class=\"elementor-widget-container\">\n\t\t\t\t\t\t\t\t\t<h2><span id=\"EVDE_STOR_PERDE_YIKAMA\">EVDE STOR PERDE YIKAMA<\/span><\/h2><p><strong>Evde stor perde y\u0131kama<\/strong> hizmeti olduk\u00e7a pratiktir. Evlerin perdesiz kalmamas\u0131 i\u00e7in bu hizmeti veriyoruz. Profesyonel ekiplerimiz uygun y\u0131kama makineleri ve stor perde y\u0131kama \u015fampuanlar\u0131 ile evlerinize gelerek stor perdelerinizi evde y\u0131k\u0131yorlar. Stor perdeleriniz duruma g\u00f6re as\u0131l\u0131 olduklar\u0131 yerde, bir di\u011fer y\u00f6ntemde uygun yer var ise yere serilerek temizlenmekte ve de uygun makineler ile durulanarak temizlenmektedirler.<\/p><h2><span id=\"STOR_PERDE_YIKAMA_FABRIKASI\">STOR PERDE YIKAMA FABR\u0130KASI<\/span><\/h2><p>Stor perde y\u0131kama fabrikas\u0131 Ankara genelinde hizmet vermektedir. Bu hizmetimizde ayn\u0131 hal\u0131 y\u0131kama servislerinde oldu\u011fu gibi, storlar\u0131n\u0131z evinizden al\u0131narak ara\u00e7lar\u0131m\u0131z ile stor y\u0131kama firmas\u0131na ta\u015f\u0131n\u0131rlar. Firmam\u0131zda uygun y\u0131kama \u015fekilleri yap\u0131larak temizlenirler. Storlar\u0131n\u0131z kuruduktan sonra \u00fct\u00fclenerek paketlenirler. Uygun oldu\u011funuz g\u00fcn teslim edilmek \u00fczere size getirilirler. Yerlerine as\u0131larlar ve teslimat tamamlan\u0131r. Ankara\u2019da t\u00fcm il\u00e7elerde stor perde y\u0131kama hizmetini <a title=\"\u0130stanbul koltuk y\u0131kama\" href=\"https:\/\/dostlarkoltukyikama.com.tr\/TR\">Ankara Stor Perde Y\u0131kama<\/a>\u00a0firmas\u0131 olarak itina ile yapmaktay\u0131z.<\/p><h2><span id=\"ZEBRA_STOR_PERDE_YIKAMA\">ZEBRA STOR PERDE YIKAMA<\/span><\/h2><p><em>Zebra stor perde y\u0131kama<\/em>\u00a0hizmetimiz di\u011fer stor y\u0131kamalara g\u00f6re biraz daha farkl\u0131d\u0131r. Zebra storlar di\u011ferlerine g\u00f6re \u00e7ok daha hassas perdelerdir. Bu perdeler\u00a0<strong>\u00f6zenle<\/strong>\u00a0ve\u00a0<strong>hassasiyetle<\/strong>\u00a0y\u0131kanarak zarar g\u00f6rmesi engellenmelidir. Bizler\u00a0<em>zebra stor<\/em>\u00a0perdelerinizi bu hassasiyetle temizliyoruz. Detayl\u0131 temizlik hizmetlerimiz hakk\u0131nda bilgi almak i\u00e7in bizi arayabilirsiniz.<\/p><h3><span id=\"STOR_PERDE_YIKAMA_FIYATLARI\">STOR PERDE YIKAMA F\u0130YATLARI<\/span><\/h3><p>Stor perdelerinizin fiyatland\u0131rmalar\u0131 m2 ve cins olarak hesaplanmaktad\u0131r. Stor perdeleriniz evlerinizde al\u0131n\u0131rken yada yerinde y\u0131kama yap\u0131lmadan \u00f6nce size\u00a0<strong>stor perde y\u0131kama fiyatlar\u0131<\/strong>\u00a0hakk\u0131nda bilgi verilmektedir. Ortalama olarak\u00a0<strong>klasik stor perde y\u0131kama fiyat\u0131 10 TL\/m2<\/strong>,\u00a0<strong>Zebra stor perde y\u0131kama fiyat\u0131 15TL\/m2<\/strong>\u00a0fiyatlar\u0131ndan y\u0131kanmaktad\u0131r. Bu fiyatlar tahmini fiyatlard\u0131r. Bu fiyatlar a\u015fa\u011f\u0131 yada yukar\u0131 oynayabilmektedir. Bir \u00e7ok stor perde \u00e7e\u015fiti vard\u0131r ve en do\u011fru fiyatland\u0131rma stor perdeler g\u00f6r\u00fclerek yap\u0131labilmektedir.<\/p><p>Perdeler evin kokusunu ve temizli\u011fini g\u00f6steren bir e\u015fyad\u0131r.Perde y\u0131kama sadece \u00fcst\u00fcndeki lekeleri ge\u00e7irmekle kalmaz bulunan ortam\u0131n havas\u0131n\u0131 de\u011fi\u015ftirir ve \u015f\u0131k g\u00f6r\u00fcn\u00fcm\u00fcne tekrar kavu\u015farak rengi yerine gelir.Perdeler kirlendikleri zaman g\u00f6zle g\u00f6remiyece\u011fimiz bakteriler olu\u015fmaktad\u0131r ve bu bakteriler bir\u00e7ok hastal\u0131\u011fa sebep verebilir.Bu nedenden dolay\u0131 perde y\u0131kama sizi bir\u00e7ok hastal\u0131ktan korur.Perdeleriniz detayl\u0131 bir \u015fekilde y\u0131kan\u0131lmas\u0131 i\u00e7in profesyonel bir ekiple ve antibakteriyel ila\u00e7larla y\u0131kanmal\u0131d\u0131r.Her y\u0131kama i\u00e7in ayr\u0131 bir firma se\u00e7mek yerine bizimle memnuniyet \u00e7er\u00e7evesi i\u00e7erisinde daima \u00e7al\u0131\u015fabilirsiniz.Perde y\u0131katmak istiyorsan\u0131z ileti\u015fime ge\u00e7erek randevu alabilir perdelerinizi ilk g\u00fcnk\u00fc gibi koruyabilirsiniz.Evdeki veya i\u015fyerinde bulunan zebra perde , stor perde \u00e7ok mu kirlendi dert etme en h\u0131zl\u0131 en g\u00fcvenilir garantili sekilde y\u0131kama temizleme garantisi verilmektedir.<\/p><p>\u0130LET\u0130\u015e\u0130M:0 552 644 82 84<\/p><p>\u00c7ankaya Hal\u0131 Y\u0131kama, Dikmen Hal\u0131 Y\u0131kama, \u00d6ve\u00e7ler Hal\u0131 Y\u0131kama, \u0130skitler Hal\u0131 Y\u0131kama, G\u00f6lba\u015f\u0131 Hal\u0131 Y\u0131kama, Etlik Hal\u0131 Y\u0131kama, Emek Hal\u0131 Y\u0131kama, Y\u00fcz\u00fcnc\u00fcy\u0131l Hal\u0131 Y\u0131kama, Ayranc\u0131 Hal\u0131 Y\u0131kama, Demetevler Hal\u0131 Y\u0131kama, Yenimahalle Hal\u0131 Y\u0131kama, Ostim Hal\u0131 Y\u0131kama, Sokullu Hal\u0131 Y\u0131kama, Balgat Hal\u0131 Y\u0131kama, Y\u00fcn Hal\u0131 Y\u0131kama, \u015eaggi Hal\u0131 Y\u0131kama, Ankara Hal\u0131 Y\u0131kama, Dostlar Hal\u0131 Y\u0131kama, G\u00fczel Hal\u0131 Y\u0131kama, Hereke Hal\u0131 Y\u0131kama, Yerinde Hal\u0131 Y\u0131kama, Profosyonel Hal\u0131 Y\u0131kama, Akdere Hal\u0131 Y\u0131kama, Oran Hal\u0131 Y\u0131kama, Gaziosmanpa\u015fa Hal\u0131 Y\u0131kama, Kolej Hal\u0131 Y\u0131kama, \u0130ncesu Hal\u0131 Y\u0131kama, Kurtulu\u015f Hal\u0131 Y\u0131kama, Ke\u00e7i\u00f6ren Hal\u0131 Y\u0131kama, Keklikp\u0131nar\u0131 Hal\u0131 Y\u0131kama, ilker Hal\u0131 Y\u0131kama, \u00c7ukurambar Hal\u0131 Y\u0131kama, Bah\u00e7elievler Hal\u0131 Y\u0131kama, \u0130ncirli Hal\u0131 Y\u0131kama, \u0130lkad\u0131m Hal\u0131 Y\u0131kama, Mebusevleri Hal\u0131 Y\u0131kama, Mamak Hal\u0131 Y\u0131kama, Maltepe Hal\u0131 Y\u0131kama, S\u00f6\u011f\u00fct\u00f6z\u00fc Hal\u0131 Y\u0131kama, S\u0131hhiye Hal\u0131 Y\u0131kama, K\u0131z\u0131lay Hal\u0131 Y\u0131kama, K\u0131rkkonaklar Hal\u0131 Y\u0131kama, Mustafa Kemal Mahallesi Hal\u0131 Y\u0131kama, Gazi Mahallesi Hal\u0131 Y\u0131kama, Subayevleri Hal\u0131 Y\u0131kama, Siteler Hal\u0131 Y\u0131kama, Ankara Koltuk Y\u0131kama, Evde Koltuk Y\u0131kama, Profosyonel Koltuk Y\u0131kama, Koltuk Y\u0131kama, \u00c7ankaya Koltuk Y\u0131kama, Demetevler Koltuk Y\u0131kama, Etlik Koltuk Y\u0131kama, Profosyonel Koltuk Y\u0131kama, Buharl\u0131 Koltuk Y\u0131kama, Garantili Koltuk Y\u0131kama, En Uygun Koltuk Y\u0131kama Fiyatlar\u0131, En \u0130yi Koltuk Y\u0131kama, Yenimahalle Koltuk Y\u0131kama, Dikmen Koltuk Y\u0131kama, \u00c7ukurambar Koltuk Y\u0131kama, S\u00f6\u011f\u00fct\u00f6z\u00fc Koltuk Y\u0131kama, Y\u00fcz\u00fcnc\u00fcy\u0131l Koltuk Y\u0131kama, Ya\u015famken Koltuk Y\u0131kama, \u00dcmitk\u00f6y Koltuk Y\u0131kama, Bat\u0131kent Koltuk Y\u0131kama, Balgat Koltuk Y\u0131kama, Mamak Koltuk Y\u0131kama, Siteler Koltuk Y\u0131kama, Oran Koltuk Y\u0131kama, \u00d6ve\u00e7ler Koltuk Y\u0131kama, Ke\u00e7i\u00f6ren Koltuk Y\u0131kama, K\u0131z\u0131lay Koltuk Y\u0131kama, K\u0131rkkonaklar Koltuk Y\u0131kama, Emek Koltuk Y\u0131kama, Kolej Koltuk Y\u0131kama, Ayranc\u0131 Koltuk Y\u0131kama, Evde Koltuk Y\u0131kama, Yerinde Koltuk Y\u0131kama, Saimekad\u0131n Koltuk Y\u0131kama, Subayevleri Koltuk Y\u0131kama, Koltuk Y\u0131kama Ankara, Kanepe Koltuk Y\u0131kama, Antibakteriyel Koltuk Y\u0131kama, Sokullu Koltuk Y\u0131kama, \u0130lker Koltuk Y\u0131kama, \u0130ncek Koltuk Y\u0131kama, G\u00f6lba\u015f\u0131 Koltuk Y\u0131kama, Sincan Koltuk Y\u0131kama, Etimesgut Koltuk Y\u0131kama, Alt\u0131nda\u011f Koltuk Y\u0131kama, Mamak Koltuk Y\u0131kama, \u00c7ukurambar Koltuk Y\u0131kama, Balgat Koltuk Y\u0131kama, Bah\u00e7elievler Koltuk Y\u0131kama, Dikimevi Koltuk Y\u0131kama, Bilkent Koltuk Y\u0131kama,S\u0131hhiye Koltuk Y\u0131kama, Garantili Koltuk Y\u0131kama, Kurtulu\u015f Koltuk Y\u0131kama, Macunk\u00f6y Koltuk Y\u0131kama, Deri Koltuk Y\u0131kama, 100.Y\u0131l Koltuk Y\u0131kama, Alt\u0131npark Koltuk Y\u0131kama, Mebusevleri Koltuk Y\u0131kama, Fak\u00fclteler Koltuk Y\u0131kama, Dostla\u00ae Koltuk Y\u0131kama, Seyranba\u011flar\u0131 Koltuk Y\u0131kama, Gaziosmanpa\u015fa Koltuk Y\u0131kama, Karap\u00fcr\u00e7ek Koltuk Y\u0131kama, Pursaklar Koltuk Y\u0131kama, Y\u0131ld\u0131z Koltuk Y\u0131kama, Yukar\u0131 Ayranc\u0131 Koltuk, G\u00fczel Koltuk Y\u0131kama, En \u0130yi Koltuk Y\u0131kama, En Uygun Fiyat Koltuk Y\u0131kama, Koltuk Y\u0131kama Ankara, Ankara Stor Perde Y\u0131kama, Ankara Zebra Perde Y\u0131kama, Ankara Yatak Y\u0131kama,<\/p>\t\t\t\t\t\t\t\t<\/div>\n\t\t\t\t<\/div>\n\t\t                <\/div>\n                    <\/div>\n        <\/div>\n                                <\/div>\n                    <\/div>\n        <\/section>\n        \t\t<\/div>\n\t\t","protected":false},"excerpt":{"rendered":"<p>EVDE STOR PERDE YIKAMA Evde stor perde y\u0131kama hizmeti olduk\u00e7a pratiktir. Evlerin perdesiz kalmamas\u0131 i\u00e7in bu hizmeti veriyoruz. Profesyonel ekiplerimiz uygun y\u0131kama makineleri ve stor perde y\u0131kama \u015fampuanlar\u0131 ile evlerinize gelerek stor perdelerinizi evde y\u0131k\u0131yorlar. Stor perdeleriniz duruma g\u00f6re as\u0131l\u0131 olduklar\u0131 yerde, bir di\u011fer y\u00f6ntemde uygun yer var ise yere serilerek temizlenmekte ve de uygun [&hellip;]<\/p>\n","protected":false},"author":1,"featured_media":0,"parent":35,"menu_order":0,"comment_status":"closed","ping_status":"closed","template":"","meta":{"footnotes":""},"class_list":["post-9185","page","type-page","status-publish","hentry"],"_links":{"self":[{"href":"https:\/\/dostlarkoltukyikama.com.tr\/TR\/index.php\/wp-json\/wp\/v2\/pages\/9185","targetHints":{"allow":["GET"]}}],"collection":[{"href":"https:\/\/dostlarkoltukyikama.com.tr\/TR\/index.php\/wp-json\/wp\/v2\/pages"}],"about":[{"href":"https:\/\/dostlarkoltukyikama.com.tr\/TR\/index.php\/wp-json\/wp\/v2\/types\/page"}],"author":[{"embeddable":true,"href":"https:\/\/dostlarkoltukyikama.com.tr\/TR\/index.php\/wp-json\/wp\/v2\/users\/1"}],"replies":[{"embeddable":true,"href":"https:\/\/dostlarkoltukyikama.com.tr\/TR\/index.php\/wp-json\/wp\/v2\/comments?post=9185"}],"version-history":[{"count":7,"href":"https:\/\/dostlarkoltukyikama.com.tr\/TR\/index.php\/wp-json\/wp\/v2\/pages\/9185\/revisions"}],"predecessor-version":[{"id":9273,"href":"https:\/\/dostlarkoltukyikama.com.tr\/TR\/index.php\/wp-json\/wp\/v2\/pages\/9185\/revisions\/9273"}],"up":[{"embeddable":true,"href":"https:\/\/dostlarkoltukyikama.com.tr\/TR\/index.php\/wp-json\/wp\/v2\/pages\/35"}],"wp:attachment":[{"href":"https:\/\/dostlarkoltukyikama.com.tr\/TR\/index.php\/wp-json\/wp\/v2\/media?parent=9185"}],"curies":[{"name":"wp","href":"https:\/\/api.w.org\/{rel}","templated":true}]}}