{"id":9183,"date":"2023-02-09T15:10:16","date_gmt":"2023-02-09T12:10:16","guid":{"rendered":"https:\/\/dostlarkoltukyikama.com.tr\/TR\/?page_id=9183"},"modified":"2023-02-09T16:11:42","modified_gmt":"2023-02-09T13:11:42","slug":"bambu-hali-yikama","status":"publish","type":"page","link":"https:\/\/dostlarkoltukyikama.com.tr\/TR\/index.php\/ankara-hali-koltuk-yikama-hizmetleri\/bambu-hali-yikama\/","title":{"rendered":"Bambu Hal\u0131 Y\u0131kama"},"content":{"rendered":"\t\t<div data-elementor-type=\"wp-page\" data-elementor-id=\"9183\" class=\"elementor elementor-9183\">\n\t\t\t\t        <section class=\"elementor-section elementor-top-section elementor-element elementor-element-d3820a3 elementor-section-boxed elementor-section-height-default elementor-section-height-default ct-header-fixed-none ct-column-none ct-row-scroll-none ct-row-gradient--none\" data-id=\"d3820a3\" data-element_type=\"section\">\n            \n                        <div class=\"elementor-container elementor-column-gap-default \">\n                            <div class=\"elementor-row\">\n                    <div class=\"elementor-column elementor-col-100 elementor-top-column elementor-element elementor-element-50590c3 ct-column-none col-offset-none col-color-offset-none\" data-id=\"50590c3\" data-element_type=\"column\">\n            <div class=\"elementor-column-wrap elementor-element-populated\">\n                            <div class=\"elementor-widget-wrap\">\n                \t\t<div class=\"elementor-element elementor-element-07848f0 elementor-widget elementor-widget-text-editor\" data-id=\"07848f0\" data-element_type=\"widget\" data-widget_type=\"text-editor.default\">\n\t\t\t\t<div class=\"elementor-widget-container\">\n\t\t\t\t\t\t\t\t\t<p style=\"text-align: justify;\">Bambu Asya\u2019da yeti\u015fen ve ba\u015fl\u0131ca Asyal\u0131lar olmak \u00fczere \u00e7e\u015fitli k\u00fclt\u00fcrler taraf\u0131ndan kullan\u0131lan, \u00e7ok kullan\u0131\u015fl\u0131 muazzam bir bitkidir. Uzakdo\u011fu\u2019da balta girmemi\u015f bambu ormanlar\u0131 bulunmaktad\u0131r. Ayr\u0131ca devasa bambu yeti\u015ftirme \u00e7iftlikleri bulunmaktad\u0131r. M\u00fcthi\u015f bir b\u00fcy\u00fcme h\u0131z\u0131na sahiptir. G\u00fcnde 90cm uzayabilir ve bu \u00f6zelli\u011fi bitkiyi, nebatat\u0131n kral\u0131 yapar. As\u0131rlard\u0131r insanl\u0131\u011fa hizmet etmi\u015f olan bambu bitkisi teknolojinin de geli\u015fmesi ile ipek bir iplik elde edilerek hal\u0131 \u00fcreticileri taraf\u0131ndan son y\u0131llarda s\u0131kl\u0131kla kullan\u0131lmaktad\u0131r.<\/p><p style=\"text-align: justify;\">Do\u011fal bir bitki olmas\u0131 nedeniyle t\u00fcm D\u00fcnya\u2019da b\u00fcy\u00fck ra\u011fbet g\u00f6ren bambu hal\u0131lar sa\u011fl\u0131\u011f\u0131n\u0131z a\u00e7\u0131s\u0131ndan da \u00f6nemli bir bile\u015fendir. Bambu bitkisi bulundu\u011fu ortamda atmosfere bol miktarda oksijen yayar. Oksijeni temizler ve odan\u0131z\u0131n hava kalitesini art\u0131r\u0131r. Hi\u00e7bir zararl\u0131 bile\u015fen i\u00e7ermez.<\/p><h2 style=\"text-align: justify;\">Bambu Hal\u0131 Nas\u0131l Temizlenir? Lekesi Nas\u0131l \u00c7\u0131kar?<\/h2><p style=\"text-align: justify;\">Bambu hal\u0131 nas\u0131l temizlenir? Evinizde bambu hal\u0131lar\u0131n\u0131za periyodik bak\u0131mlar yaparak, uzun \u00f6m\u00fcrl\u00fc kalmas\u0131n\u0131 sa\u011flayabilirsiniz. Bu rehber, bambu hal\u0131lar\u0131n\u0131z\u0131n evde bak\u0131m\u0131 konusunda \u00e7ok \u00f6nemli bilgiler i\u00e7erir.<\/p><ul style=\"text-align: justify;\"><li>Y\u00fczeyi nemli, temiz bir bezle temizleyin.<\/li><li>Hafif bula\u015f\u0131k sabunu ve su \u00e7\u00f6zeltisi ile lekeleri temizleyin.<\/li><li>Kaba kal\u0131nt\u0131lardan kurtulmak i\u00e7in, balkonda hafif\u00e7e \u00e7\u0131rp\u0131n.<\/li><li>Elektrikli s\u00fcp\u00fcrge ile s\u00fcp\u00fcrecekseniz k\u0131ll\u0131 f\u0131r\u00e7a ucunu \u00e7\u0131kart\u0131n ve k\u0131l olmayan bir u\u00e7la s\u00fcp\u00fcr\u00fcn.<\/li><li>Sandalye veya mobilyalar\u0131n ayaklar\u0131n\u0131 bambu hal\u0131lar\u0131n\u0131z\u0131n \u00fczerine gelmemesine \u00f6zen g\u00f6sterin. A\u011f\u0131rl\u0131k ve keskin ayaklar\u0131ndan dolay\u0131 mobilyalar, bambu hal\u0131n\u0131za zarar verebilir. Bu gibi durumlara kar\u015f\u0131 ayaklar\u0131n geldi\u011fi yerlere ke\u00e7e koyun.<\/li><li>Sandalye veya mobilya tekerlekleri bambu hal\u0131larda kullan\u0131lmas\u0131 tavsiye edilmez.<\/li><li>Do\u011frudan, uzun s\u00fcreli g\u00fcne\u015f \u0131\u015f\u0131\u011f\u0131na maruz kalan t\u00fcm lifler bir dereceye kadar solmaya maruz kalacakt\u0131r.\u00a0G\u00fcne\u015fli bir yerdeyse l\u00fctfen hal\u0131n\u0131z\u0131 d\u00fczenli olarak d\u00f6nd\u00fcr\u00fcn.<\/li><\/ul><h2 style=\"text-align: justify;\">Bambu hal\u0131 y\u0131kamaya verilir mi?<\/h2><p style=\"text-align: justify;\">Her ne kadar bak\u0131m\u0131 kolay gibi g\u00f6r\u00fcnse de bambu hal\u0131lar \u00e7ok narin ve hassas yap\u0131lar\u0131 gere\u011fi deformasyona \u00e7ok \u00e7abuk maruz kalarak can\u0131n\u0131z\u0131 s\u0131kabilir. Ya da inat\u00e7\u0131 bir lekeye maruz kalarak profesyonel bir destek almak isteyebilirsiniz. Uzman hal\u0131 y\u0131kamac\u0131lar sizin i\u00e7in bu i\u015flemleri uygun maliyetlerde yapabilmektedir. Servisimiz Ankara bambu hal\u0131 y\u0131kama uygulamalar\u0131 kapsam\u0131nda sizin i\u00e7in en sa\u011fl\u0131kl\u0131 bambu hal\u0131 y\u0131kama hizmetini sunuyor.<\/p>\t\t\t\t\t\t\t\t<\/div>\n\t\t\t\t<\/div>\n\t\t                <\/div>\n                    <\/div>\n        <\/div>\n                                <\/div>\n                    <\/div>\n        <\/section>\n        \t\t<\/div>\n\t\t","protected":false},"excerpt":{"rendered":"<p>Bambu Asya\u2019da yeti\u015fen ve ba\u015fl\u0131ca Asyal\u0131lar olmak \u00fczere \u00e7e\u015fitli k\u00fclt\u00fcrler taraf\u0131ndan kullan\u0131lan, \u00e7ok kullan\u0131\u015fl\u0131 muazzam bir bitkidir. Uzakdo\u011fu\u2019da balta girmemi\u015f bambu ormanlar\u0131 bulunmaktad\u0131r. Ayr\u0131ca devasa bambu yeti\u015ftirme \u00e7iftlikleri bulunmaktad\u0131r. M\u00fcthi\u015f bir b\u00fcy\u00fcme h\u0131z\u0131na sahiptir. G\u00fcnde 90cm uzayabilir ve bu \u00f6zelli\u011fi bitkiyi, nebatat\u0131n kral\u0131 yapar. As\u0131rlard\u0131r insanl\u0131\u011fa hizmet etmi\u015f olan bambu bitkisi teknolojinin de geli\u015fmesi ile [&hellip;]<\/p>\n","protected":false},"author":1,"featured_media":0,"parent":35,"menu_order":0,"comment_status":"closed","ping_status":"closed","template":"","meta":{"footnotes":""},"class_list":["post-9183","page","type-page","status-publish","hentry"],"_links":{"self":[{"href":"https:\/\/dostlarkoltukyikama.com.tr\/TR\/index.php\/wp-json\/wp\/v2\/pages\/9183","targetHints":{"allow":["GET"]}}],"collection":[{"href":"https:\/\/dostlarkoltukyikama.com.tr\/TR\/index.php\/wp-json\/wp\/v2\/pages"}],"about":[{"href":"https:\/\/dostlarkoltukyikama.com.tr\/TR\/index.php\/wp-json\/wp\/v2\/types\/page"}],"author":[{"embeddable":true,"href":"https:\/\/dostlarkoltukyikama.com.tr\/TR\/index.php\/wp-json\/wp\/v2\/users\/1"}],"replies":[{"embeddable":true,"href":"https:\/\/dostlarkoltukyikama.com.tr\/TR\/index.php\/wp-json\/wp\/v2\/comments?post=9183"}],"version-history":[{"count":4,"href":"https:\/\/dostlarkoltukyikama.com.tr\/TR\/index.php\/wp-json\/wp\/v2\/pages\/9183\/revisions"}],"predecessor-version":[{"id":9276,"href":"https:\/\/dostlarkoltukyikama.com.tr\/TR\/index.php\/wp-json\/wp\/v2\/pages\/9183\/revisions\/9276"}],"up":[{"embeddable":true,"href":"https:\/\/dostlarkoltukyikama.com.tr\/TR\/index.php\/wp-json\/wp\/v2\/pages\/35"}],"wp:attachment":[{"href":"https:\/\/dostlarkoltukyikama.com.tr\/TR\/index.php\/wp-json\/wp\/v2\/media?parent=9183"}],"curies":[{"name":"wp","href":"https:\/\/api.w.org\/{rel}","templated":true}]}}