{"id":9181,"date":"2023-02-09T15:10:07","date_gmt":"2023-02-09T12:10:07","guid":{"rendered":"https:\/\/dostlarkoltukyikama.com.tr\/TR\/?page_id=9181"},"modified":"2023-02-09T16:14:07","modified_gmt":"2023-02-09T13:14:07","slug":"el-dokuma-hali-yikama","status":"publish","type":"page","link":"https:\/\/dostlarkoltukyikama.com.tr\/TR\/index.php\/ankara-hali-koltuk-yikama-hizmetleri\/el-dokuma-hali-yikama\/","title":{"rendered":"El Dokuma Hal\u0131 Y\u0131kama"},"content":{"rendered":"\t\t<div data-elementor-type=\"wp-page\" data-elementor-id=\"9181\" class=\"elementor elementor-9181\">\n\t\t\t\t        <section class=\"elementor-section elementor-top-section elementor-element elementor-element-7496138 elementor-section-boxed elementor-section-height-default elementor-section-height-default ct-header-fixed-none ct-column-none ct-row-scroll-none ct-row-gradient--none\" data-id=\"7496138\" data-element_type=\"section\">\n            \n                        <div class=\"elementor-container elementor-column-gap-default \">\n                            <div class=\"elementor-row\">\n                    <div class=\"elementor-column elementor-col-100 elementor-top-column elementor-element elementor-element-c1d040c ct-column-none col-offset-none col-color-offset-none\" data-id=\"c1d040c\" data-element_type=\"column\">\n            <div class=\"elementor-column-wrap elementor-element-populated\">\n                            <div class=\"elementor-widget-wrap\">\n                \t\t<div class=\"elementor-element elementor-element-65c5d64 elementor-widget elementor-widget-text-editor\" data-id=\"65c5d64\" data-element_type=\"widget\" data-widget_type=\"text-editor.default\">\n\t\t\t\t<div class=\"elementor-widget-container\">\n\t\t\t\t\t\t\t\t\t<p style=\"text-align: justify;\">Ya\u015fam alanlar\u0131m\u0131zda kullan\u0131lan el dokuma hal\u0131lar\u0131 kullan\u0131ld\u0131\u011f\u0131 mekana farkl\u0131 bir hava katmaktad\u0131r. El dokuma hal\u0131lar\u0131 \u00f6zel olarak \u00fcretilmekte olup, makine hal\u0131lar\u0131na g\u00f6re daha hassast\u0131r. Bu nedenle temizlik yap\u0131l\u0131rken el dokuma hal\u0131lar\u0131nda daha \u00f6zenli ve se\u00e7ici olmakta yarar vard\u0131r. Firmam\u0131z,\u00a0<strong>el dokuma hal\u0131 y\u0131kama<\/strong>\u00a0hizmetinde kusursuz hizmet sunmak i\u00e7in \u00f6zenle \u00e7al\u0131\u015fmalar\u0131n\u0131 s\u00fcrd\u00fcrmekte olup, siz de g\u00fcvenle firmam\u0131z\u0131 tercih ederek hal\u0131lar\u0131n\u0131z\u0131 emanet edebilirsiniz. Hal\u0131 y\u0131kama i\u015flemi birka\u00e7 a\u015famadan olu\u015fan bir s\u00fcre\u00e7tir. Bu s\u00fcre\u00e7te m\u00fc\u015fteri memnuniyeti son derece \u00f6nemlidir. Siz de e\u011fer el dokuma hal\u0131lar\u0131n\u0131za \u00f6nem veriyor ve sizin i\u00e7in de\u011ferli ise, firmam\u0131z\u0131 tercih ederek hizmetlerimizden yararlanabilirsiniz.<\/p><p style=\"text-align: justify;\"><strong>El Dokuma Hal\u0131lar\u0131n\u0131z\u0131 \u00d6zenle Y\u0131k\u0131yoruz<\/strong><\/p><p style=\"text-align: justify;\">Hal\u0131 y\u0131kama i\u015flemi yap\u0131l\u0131rken mutlaka do\u011fal temizlik \u00fcr\u00fcnleri kullan\u0131lmal\u0131d\u0131r. S\u0131cakl\u0131k ayar\u0131 ve hal\u0131n\u0131n y\u0131pranmamas\u0131 i\u00e7in titizlikle bu i\u015flemlerin uygulanmas\u0131 i\u00e7in siz de profesyonel hizmet i\u00e7eri\u011finden yararlanabilirsiniz. Detayl\u0131 bilgi i\u00e7in siz de firmam\u0131z\u0131 arayarak hizmetlerimiz hakk\u0131nda bilgi alabilir ve g\u00fcvenle hizmet i\u00e7eriklerimizden yararlanabilirsiniz. El dokuma hal\u0131lar\u0131 g\u00fcn\u00fcm\u00fczde bir\u00e7ok ki\u015finin sevdi\u011fi hal\u0131 se\u00e7eneklerinden biridir. Fakat bu hal\u0131lar\u0131n g\u00f6rsel zenginli\u011fi kadar y\u0131kama ve bak\u0131m\u0131 da olduk\u00e7a \u00f6zel olmal\u0131d\u0131r. Siz de el dokumas\u0131 olarak ald\u0131\u011f\u0131n\u0131z ve \u00f6zenle y\u0131kamas\u0131n\u0131n olmas\u0131 gereken hal\u0131lar\u0131n\u0131z\u0131 bize ula\u015ft\u0131rarak hizmetlerimizden yararlanabilirsiniz.<\/p><p style=\"text-align: justify;\"><strong>Kirlenen Hal\u0131lar Art\u0131k Do\u011fal \u015eekilde Temizleniyor<\/strong><\/p><p style=\"text-align: justify;\"><strong>El dokuma hal\u0131 y\u0131kama<\/strong>\u00a0hizmeti konusunda titizlikle \u00e7al\u0131\u015fmalar\u0131m\u0131z\u0131 s\u00fcrd\u00fcrmekteyiz. Bizi tercih ederek siz de hizmetlerimiz ile el dokumas\u0131 olan hal\u0131lar\u0131n\u0131z\u0131n do\u011fal \u015fartlarda temizlenmesini sa\u011flayabilirsiniz. Zaman i\u00e7erisinde kirlenen ve leke olan hal\u0131lar\u0131n temizli\u011fi de \u00f6zenle olmal\u0131d\u0131r. El dokumas\u0131 olan bu hal\u0131lar firmam\u0131z taraf\u0131ndan titizlikle temizli\u011fi yap\u0131larak sizlere ula\u015ft\u0131r\u0131lmaktad\u0131r.<\/p><p style=\"text-align: justify;\"><strong>Hijyenik Temizlikte Birinci S\u0131n\u0131f Hizmet Sunuyoruz<\/strong><\/p><p style=\"text-align: justify;\">B\u00fcnyemizde bulunan \u00f6zel makinelerde hal\u0131lar\u0131n\u0131z<strong>\u00a0el dokuma hal\u0131 y\u0131kama\u00a0<\/strong>hizmeti ile titizlikle y\u0131kanmaktad\u0131r. Ayr\u0131ca makinelerin temizli\u011fi d\u00fczenli olarak yap\u0131larak hijyen konusunda uzman \u00e7al\u0131\u015fanlar\u0131m\u0131zla dikkat ederek faaliyetlerimizi s\u00fcrd\u00fcrmekteyiz. Y\u0131kama i\u015fleminde kullan\u0131lan \u015fampuan t\u00fcr\u00fc \u00fcr\u00fcnler de kimyasal bulunmaz. Bu da temizli\u011fin daha kaliteli olmas\u0131na sa\u011flayarak hal\u0131lar\u0131n\u0131za zarar vermeyecek \u00f6zellikler ta\u015f\u0131maktad\u0131r. Fiyat politikas\u0131 ekonomik olarak belirlenmi\u015f olup lider olan firmam\u0131z m\u00fc\u015fteri memnuniyetini benimseyerek sizlere yard\u0131mc\u0131 olmaktad\u0131r.<\/p>\t\t\t\t\t\t\t\t<\/div>\n\t\t\t\t<\/div>\n\t\t                <\/div>\n                    <\/div>\n        <\/div>\n                                <\/div>\n                    <\/div>\n        <\/section>\n        \t\t<\/div>\n\t\t","protected":false},"excerpt":{"rendered":"<p>Ya\u015fam alanlar\u0131m\u0131zda kullan\u0131lan el dokuma hal\u0131lar\u0131 kullan\u0131ld\u0131\u011f\u0131 mekana farkl\u0131 bir hava katmaktad\u0131r. El dokuma hal\u0131lar\u0131 \u00f6zel olarak \u00fcretilmekte olup, makine hal\u0131lar\u0131na g\u00f6re daha hassast\u0131r. Bu nedenle temizlik yap\u0131l\u0131rken el dokuma hal\u0131lar\u0131nda daha \u00f6zenli ve se\u00e7ici olmakta yarar vard\u0131r. Firmam\u0131z,\u00a0el dokuma hal\u0131 y\u0131kama\u00a0hizmetinde kusursuz hizmet sunmak i\u00e7in \u00f6zenle \u00e7al\u0131\u015fmalar\u0131n\u0131 s\u00fcrd\u00fcrmekte olup, siz de g\u00fcvenle firmam\u0131z\u0131 tercih [&hellip;]<\/p>\n","protected":false},"author":1,"featured_media":0,"parent":35,"menu_order":0,"comment_status":"closed","ping_status":"closed","template":"","meta":{"footnotes":""},"class_list":["post-9181","page","type-page","status-publish","hentry"],"_links":{"self":[{"href":"https:\/\/dostlarkoltukyikama.com.tr\/TR\/index.php\/wp-json\/wp\/v2\/pages\/9181","targetHints":{"allow":["GET"]}}],"collection":[{"href":"https:\/\/dostlarkoltukyikama.com.tr\/TR\/index.php\/wp-json\/wp\/v2\/pages"}],"about":[{"href":"https:\/\/dostlarkoltukyikama.com.tr\/TR\/index.php\/wp-json\/wp\/v2\/types\/page"}],"author":[{"embeddable":true,"href":"https:\/\/dostlarkoltukyikama.com.tr\/TR\/index.php\/wp-json\/wp\/v2\/users\/1"}],"replies":[{"embeddable":true,"href":"https:\/\/dostlarkoltukyikama.com.tr\/TR\/index.php\/wp-json\/wp\/v2\/comments?post=9181"}],"version-history":[{"count":4,"href":"https:\/\/dostlarkoltukyikama.com.tr\/TR\/index.php\/wp-json\/wp\/v2\/pages\/9181\/revisions"}],"predecessor-version":[{"id":9282,"href":"https:\/\/dostlarkoltukyikama.com.tr\/TR\/index.php\/wp-json\/wp\/v2\/pages\/9181\/revisions\/9282"}],"up":[{"embeddable":true,"href":"https:\/\/dostlarkoltukyikama.com.tr\/TR\/index.php\/wp-json\/wp\/v2\/pages\/35"}],"wp:attachment":[{"href":"https:\/\/dostlarkoltukyikama.com.tr\/TR\/index.php\/wp-json\/wp\/v2\/media?parent=9181"}],"curies":[{"name":"wp","href":"https:\/\/api.w.org\/{rel}","templated":true}]}}