{"id":9179,"date":"2023-02-09T15:09:57","date_gmt":"2023-02-09T12:09:57","guid":{"rendered":"https:\/\/dostlarkoltukyikama.com.tr\/TR\/?page_id=9179"},"modified":"2023-02-09T16:15:34","modified_gmt":"2023-02-09T13:15:34","slug":"yorgan-ve-battaniye-yikama","status":"publish","type":"page","link":"https:\/\/dostlarkoltukyikama.com.tr\/TR\/index.php\/ankara-hali-koltuk-yikama-hizmetleri\/yorgan-ve-battaniye-yikama\/","title":{"rendered":"Yorgan ve Battaniye Y\u0131kama"},"content":{"rendered":"\t\t<div data-elementor-type=\"wp-page\" data-elementor-id=\"9179\" class=\"elementor elementor-9179\">\n\t\t\t\t        <section class=\"elementor-section elementor-top-section elementor-element elementor-element-dd4d740 elementor-section-boxed elementor-section-height-default elementor-section-height-default ct-header-fixed-none ct-column-none ct-row-scroll-none ct-row-gradient--none\" data-id=\"dd4d740\" data-element_type=\"section\">\n            \n                        <div class=\"elementor-container elementor-column-gap-default \">\n                            <div class=\"elementor-row\">\n                    <div class=\"elementor-column elementor-col-100 elementor-top-column elementor-element elementor-element-f9d85d1 ct-column-none col-offset-none col-color-offset-none\" data-id=\"f9d85d1\" data-element_type=\"column\">\n            <div class=\"elementor-column-wrap elementor-element-populated\">\n                            <div class=\"elementor-widget-wrap\">\n                \t\t<div class=\"elementor-element elementor-element-19dc589 elementor-widget elementor-widget-text-editor\" data-id=\"19dc589\" data-element_type=\"widget\" data-widget_type=\"text-editor.default\">\n\t\t\t\t<div class=\"elementor-widget-container\">\n\t\t\t\t\t\t\t\t\t<p style=\"text-align: justify;\">Battaniye ve yorganlar uyurken v\u00fccuttaki ya\u011flar\u0131 ve terleri, odadaki toz ve di\u011fer par\u00e7ac\u0131klar\u0131 i\u00e7erisine hapseder. Battaniye ve yorganlar d\u00fczg\u00fcn bir \u015fekilde y\u0131kanmadan uzun s\u00fcre bekletildi\u011finde cilt tahri\u015fi ve solunum t\u0131kan\u0131kl\u0131\u011f\u0131 gibi sorunlar\u0131 beraberinde getirebiliyor. Ayr\u0131ca bir s\u00fcre sonra battaniye ve yorgan kenarlar\u0131nda biriken toz ve kir k\u00f6t\u00fc kokmas\u0131na neden olabiliyor.\u00a0<\/p><p style=\"text-align: justify;\">\u00c7ama\u015f\u0131r makineniz yorgan veya battaniye y\u0131kamak i\u00e7in yeterli hacme sahip olabilir. Ancak \u00e7ama\u015f\u0131r makinelerinin yorgan ve battaniyeleri en fazla ne kadar hijyenik temizleyebilir hi\u00e7 d\u00fc\u015f\u00fcnd\u00fcn\u00fcz m\u00fc? Dostlar Hal\u0131 ve Koltuk Y\u0131kama firmam\u0131z\u0131n sundu\u011fu Ankara yorgan&amp;battaniye y\u0131kama hizmeti ile profesyonel destek alabilirsiniz.<\/p><p style=\"text-align: justify;\">\u00d6zenle temizlenen yorgan ve battaniyeleriniz, y\u0131kama ve kurutma i\u015fleminden sonra teslim edildi\u011finde profesyonel yorgan ve battaniye y\u0131kama hizmetinden yararlanm\u0131\u015f olman\u0131n memnuniyetini hissedece\u011finizi umuyoruz.\u00a0<\/p><h2 style=\"text-align: justify;\">Ankara Yorgan Y\u0131kama\u00a0<\/h2><p style=\"text-align: justify;\">Evlerin temizli\u011fine ne kadar dikkat ediliyor olunursa olunsun \u00f6zellikle k\u0131\u015f aylar\u0131nda elimizden d\u00fc\u015f\u00fcrmedi\u011fimiz yorgan ve battaniyeler toz ve kiri kendisine \u00e7ekebilir. G\u00f6zle g\u00f6r\u00fcnm\u00fcyor ancak yorganlar her gece biraz daha kirleniyor. Bu nedenle yorgan ve battaniye temizli\u011finde profesyonel temizlik hizmeti almak \u00f6nemlidir.\u00a0<\/p><p style=\"text-align: justify;\">Unutmay\u0131n, \u00e7ama\u015f\u0131r makineleri y\u00fczey kirlerinden \u00e7ok daha fazlas\u0131n\u0131 temizleyemez. Kiri ve birikintileri su ile ak\u0131tabilirler ancak \u00e7ok daha fazlas\u0131 i\u00e7in profesyonel temizlik \u015fartt\u0131r. \u0130zmir yorgan y\u0131kama hizmetine ihtiya\u00e7 duydu\u011funuzda \u00e7ama\u015f\u0131rlar\u0131n\u0131z\u0131 en uygun ko\u015fullarda, y\u0131pranmas\u0131na izin vermeden y\u0131k\u0131yoruz.\u00a0<\/p><p style=\"text-align: justify;\">M\u00fc\u015fteri memnuniyetine dayal\u0131 hizmetlerimizin tamam\u0131 garanti kapsam\u0131nda olup, \u00fccretsiz servis imkan\u0131 ile birlikte sunulmaktad\u0131r. G\u00fcvenilir y\u0131kama hizmeti almak ve evinizin her zaman taze ve temiz kokmas\u0131 i\u00e7in profesyonel yard\u0131m almak isterseniz, Dostlar Hal\u0131 ve Koltuk Y\u0131kama temizlik firmam\u0131z\u0131n ileti\u015fim numaras\u0131ndan destek alabilirsiniz.\u00a0<\/p>\t\t\t\t\t\t\t\t<\/div>\n\t\t\t\t<\/div>\n\t\t                <\/div>\n                    <\/div>\n        <\/div>\n                                <\/div>\n                    <\/div>\n        <\/section>\n        \t\t<\/div>\n\t\t","protected":false},"excerpt":{"rendered":"<p>Battaniye ve yorganlar uyurken v\u00fccuttaki ya\u011flar\u0131 ve terleri, odadaki toz ve di\u011fer par\u00e7ac\u0131klar\u0131 i\u00e7erisine hapseder. Battaniye ve yorganlar d\u00fczg\u00fcn bir \u015fekilde y\u0131kanmadan uzun s\u00fcre bekletildi\u011finde cilt tahri\u015fi ve solunum t\u0131kan\u0131kl\u0131\u011f\u0131 gibi sorunlar\u0131 beraberinde getirebiliyor. Ayr\u0131ca bir s\u00fcre sonra battaniye ve yorgan kenarlar\u0131nda biriken toz ve kir k\u00f6t\u00fc kokmas\u0131na neden olabiliyor.\u00a0 \u00c7ama\u015f\u0131r makineniz yorgan veya battaniye [&hellip;]<\/p>\n","protected":false},"author":1,"featured_media":0,"parent":35,"menu_order":0,"comment_status":"closed","ping_status":"closed","template":"","meta":{"footnotes":""},"class_list":["post-9179","page","type-page","status-publish","hentry"],"_links":{"self":[{"href":"https:\/\/dostlarkoltukyikama.com.tr\/TR\/index.php\/wp-json\/wp\/v2\/pages\/9179","targetHints":{"allow":["GET"]}}],"collection":[{"href":"https:\/\/dostlarkoltukyikama.com.tr\/TR\/index.php\/wp-json\/wp\/v2\/pages"}],"about":[{"href":"https:\/\/dostlarkoltukyikama.com.tr\/TR\/index.php\/wp-json\/wp\/v2\/types\/page"}],"author":[{"embeddable":true,"href":"https:\/\/dostlarkoltukyikama.com.tr\/TR\/index.php\/wp-json\/wp\/v2\/users\/1"}],"replies":[{"embeddable":true,"href":"https:\/\/dostlarkoltukyikama.com.tr\/TR\/index.php\/wp-json\/wp\/v2\/comments?post=9179"}],"version-history":[{"count":4,"href":"https:\/\/dostlarkoltukyikama.com.tr\/TR\/index.php\/wp-json\/wp\/v2\/pages\/9179\/revisions"}],"predecessor-version":[{"id":9285,"href":"https:\/\/dostlarkoltukyikama.com.tr\/TR\/index.php\/wp-json\/wp\/v2\/pages\/9179\/revisions\/9285"}],"up":[{"embeddable":true,"href":"https:\/\/dostlarkoltukyikama.com.tr\/TR\/index.php\/wp-json\/wp\/v2\/pages\/35"}],"wp:attachment":[{"href":"https:\/\/dostlarkoltukyikama.com.tr\/TR\/index.php\/wp-json\/wp\/v2\/media?parent=9179"}],"curies":[{"name":"wp","href":"https:\/\/api.w.org\/{rel}","templated":true}]}}