{"id":9167,"date":"2023-02-09T15:08:55","date_gmt":"2023-02-09T12:08:55","guid":{"rendered":"https:\/\/dostlarkoltukyikama.com.tr\/TR\/?page_id=9167"},"modified":"2023-02-09T16:07:22","modified_gmt":"2023-02-09T13:07:22","slug":"profesyonel-hali-yikama","status":"publish","type":"page","link":"https:\/\/dostlarkoltukyikama.com.tr\/TR\/index.php\/ankara-hali-koltuk-yikama-hizmetleri\/profesyonel-hali-yikama\/","title":{"rendered":"Profesyonel Hal\u0131 Y\u0131kama"},"content":{"rendered":"\t\t<div data-elementor-type=\"wp-page\" data-elementor-id=\"9167\" class=\"elementor elementor-9167\">\n\t\t\t\t        <section class=\"elementor-section elementor-top-section elementor-element elementor-element-a2f82c7 elementor-section-boxed elementor-section-height-default elementor-section-height-default ct-header-fixed-none ct-column-none ct-row-scroll-none ct-row-gradient--none\" data-id=\"a2f82c7\" data-element_type=\"section\">\n            \n                        <div class=\"elementor-container elementor-column-gap-default \">\n                            <div class=\"elementor-row\">\n                    <div class=\"elementor-column elementor-col-100 elementor-top-column elementor-element elementor-element-48db7ec ct-column-none col-offset-none col-color-offset-none\" data-id=\"48db7ec\" data-element_type=\"column\">\n            <div class=\"elementor-column-wrap elementor-element-populated\">\n                            <div class=\"elementor-widget-wrap\">\n                \t\t<div class=\"elementor-element elementor-element-988bfee elementor-widget elementor-widget-text-editor\" data-id=\"988bfee\" data-element_type=\"widget\" data-widget_type=\"text-editor.default\">\n\t\t\t\t<div class=\"elementor-widget-container\">\n\t\t\t\t\t\t\t\t\t<div class=\"post-hero-image clear-fix\">\u00a0<\/div><div class=\"entry-content\"><p style=\"text-align: justify;\">Ankara Hal\u0131 ve Koltuk Y\u0131kama firmam\u0131z yakla\u015f\u0131k 20 senedir Ankara b\u00f6lgesinde Ankara Hal\u0131 ve Koltuk Y\u0131kama hizmeti sunmaktad\u0131r.Biz Dostlar Hal\u0131 ve Koltuk Y\u0131kama olarak sizlere daha iyi bir hizmet vermenin amac\u0131nday\u0131z.Dostlar Ankara Koltuk Y\u0131kama kesinlikle arac\u0131 ve ta\u015feron bir firma olmayan Ankara b\u00f6lgesinin say\u0131l\u0131 Koltuk ve Hal\u0131 Y\u0131kama alan\u0131nda ekip ve ekipmanlar\u0131 kendi b\u00fcnyesinde ve Hal\u0131 Koltuk Y\u0131kama i\u015fleminde deneyimli uzman ekip ile hizmet vermektedir.Dostlar Ankara Koltuk Hal\u0131 ile \u00e7al\u0131\u015fmak bir ayr\u0131cal\u0131kt\u0131r. DOSTLAR Google sitemizi ziyaret ederek sizlerde di\u011fer Ankara m\u00fc\u015fterilerinin yapt\u0131\u011f\u0131 gibi bizleri sitemizi ziyaret ederek Ankara Dostlar Hal\u0131 Koltuk Y\u0131kama hakk\u0131nda detayl\u0131 bilgiye sahip ola bilirsiniz.Hal\u0131 ve Koltuk Y\u0131kama i\u015flemi yapt\u0131rmadan \u00f6nce \u00e7ok iyi koltuk y\u0131kma yapan firmalar\u0131 ara\u015ft\u0131rma yap\u0131p Koltuk Y\u0131kama i\u015flemi yap\u0131lmas\u0131 gereklidir.Koltuk Y\u0131kama Yapt\u0131rmadan \u00f6nce yapman\u0131z gereken sitemizin i\u00e7inde ayr\u0131nt\u0131l\u0131 olarak p\u00fcf noktalar\u0131 sizler i\u00e7in ara\u015ft\u0131r\u0131l\u0131p ayr\u0131nt\u0131l\u0131 olarak Ankarada En \u0130yi Koltuk Y\u0131kama Firmalar\u0131 aras\u0131nda sizlere En iyi ve uygun fiyat Koltuk Y\u0131kama hizmetleri sunma Garantisi sunuldu.Sizlerinde yapman\u0131z gereken sitemizi ziyaret ederek Ankara b\u00f6lgesi i\u00e7in en iyi Koltuk Y\u0131kama firmalar\u0131 hakk\u0131nda k\u0131sa bilgi sahibi olabilirsiniz.<\/p><p style=\"text-align: justify;\">Ankara En \u0130yi Koltuk Y\u0131kama, Ankara,da Uygun Koltuk Y\u0131kamac\u0131lar, Ankara,da Buharl\u0131 Koltuk Y\u0131kamac\u0131lar, Ankara Tavsiye Koltuk Y\u0131kamac\u0131lar, Garantili Ankara Koltuk Y\u0131kama, Ankara Dostlar Koltuk Y\u0131kama, Ankara Dostlar Hal\u0131 Y\u0131kama, Koltuk Y\u0131kama, Ankara Evde Koltuk Y\u0131kama, Ankara Evde Koltuk Y\u0131kamac\u0131lar, Ankara Profesyonel Koltuk Y\u0131kamac\u0131, Ankara Koltuk Y\u0131kamac\u0131, Koltuk Y\u0131kamac\u0131, Ankara \u0130\u00e7i En iyi Koltuk Y\u0131kama Firmalar\u0131, Ankara Koltuk Y\u0131kama Firmalar\u0131<\/p><p style=\"text-align: justify;\"><strong>Hal\u0131 Y\u0131kama\u00a0<\/strong>0 552 644 82 84<\/p><p style=\"text-align: justify;\">Ankara Dostlar\u00a0\u00c7ankaya Hal\u0131 Koltuk\u00a0Y\u0131kama yakla\u015f\u0131k 20 seneyi a\u015fk\u0131n bir s\u00fcredir ba\u015fta \u00a0Ankara,n\u0131n\u00a0 \u00c7ankaya b\u00f6lgesi olmak \u00fczere daha da bir \u00e7ok b\u00f6lge ve semtine garantili anti-bakteryel Hal\u0131 Koltuk\u00a0y\u0131kama hizmeti sunmaktad\u0131r.<\/p><h3 class=\"wp-block-heading\" style=\"text-align: justify;\">\u00a0Koltuk Y\u0131kama 0 552 644 82 84<\/h3><p style=\"text-align: justify;\">Dostlar Hal\u0131 ve Koltuk Y\u0131kama Ankara\u2019 ba\u015fta \u00c7ankaya semtine koltuk y\u0131kama hizmeti yan\u0131 s\u0131ra Ankara\u2019 il s\u0131n\u0131rlar\u0131 i\u00e7inde her semt,mahalle,b\u00f6lgesine \u00fccretsiz servis sunmaktad\u0131r koltuk y\u0131kama yan\u0131 s\u0131ra ta\u015f\u0131nmaz duvardan duvara hal\u0131lar\u0131n\u0131z\u0131 profesyonel ekip ve son teknoloji ekipmanlarla ev ve i\u015f yerleri ve kendi yerinde ve garantili temizleme hizmeti sunana Ankara\u2019 en b\u00fcy\u00fck Hal\u0131 Koltuk Y\u0131kama firmas\u0131d\u0131r.\u00c7ankaya\u00a0\u00a0Hal\u0131 Koltuk Y\u0131kama hal\u0131 ve koltuk y\u0131kama i\u015fleminden sonra sizlere ilk g\u00fcnk\u00fc kadar tertemiz,p\u0131r\u0131l p\u0131r\u0131l,\u0131\u015f\u0131l ,\u0131\u015f\u0131l, teslim etmektedir.Ankara koltuk y\u0131kama olarak Ankara \u0130l s\u0131n\u0131rlar\u0131 i\u00e7inde Ankara da Ayranc\u0131 semti bilindi\u011fi \u00fczere Ankara K\u0131z\u0131lay b\u00f6lgesine yak\u0131l olmas\u0131ndan dolay\u0131 A\u015fa\u011f\u0131 Ayranc\u0131 Ankara K\u0131z\u0131lay ara\u00e7 Trafik yo\u011fun olmas\u0131 gibi Ankara \u00c7ankaya dikmen hatt\u0131n\u0131 ba\u011flayan polis evi kav\u015fa\u011f\u0131 da\u011f\u0131l\u0131m noktas\u0131 \u0130lker dolmu\u015f hatt\u0131 keklik p\u0131nar\u0131 taksi hatt\u0131 \u2013 Cevizli dere ara\u00e7 trafi\u011fi \u2013 \u00f6ve\u00e7ler otob\u00fcs hatt\u0131 \u2013 Sokullu belediye otob\u00fcs hatt\u0131 \u2013 Ankara oran b\u00f6lge ara\u00e7 trafik hatt\u0131 \u2013 \u00f6ve\u00e7ler 4 cadde -\u00f6ve\u00e7ler 2 cadde \u2013 \u00f6ve\u00e7ler 3 cadde trafik ak\u0131\u015f\u0131 \u2013 Balgat trafi\u011fi birlik mahallesi -Ankara memor\u0130yal hastanesi yol g\u00fczergah\u0131 \u2013 y\u00fcz\u00fcnc\u00fc y\u0131l yolu \u00c7ukurambar g\u00fczergah\u0131 k\u0131saca \u00c7ankaya da baz\u0131 b\u00f6lgeleri dikmen polis evi kav\u015fa\u011f\u0131ndan taksi \u2013 dolmu\u015f \u2013 binek araba -kamyon \u2013 kamyonet -motor siklet \u2013 motorlu fesbut ve haz\u0131r yemek servis ara\u00e7lar\u0131 McDonald\u2019s , Domino\u2019s Pizza , Aspava , k\u0131saca t\u00fcm yemek sepeti servis ara\u00e7lar\u0131 bu g\u00fczergahta bulunan kav\u015fa\u011f\u0131 kullanmak zorunda polis evi kav\u015fa\u011f\u0131 Ankara Ayranc\u0131 ev ve i\u015fyerlerine s\u0131n\u0131rda o y\u00fczden evinizde bulunan koltuk tak\u0131mlar\u0131 \u2013 hal\u0131 \u2013 duvardan duvara ta\u015f\u0131nmaz hal\u0131 \u2013 perde \u2013 yatak ,- k\u0131saca evinizde bulunana temizlenmesi gereken t\u00fcm e\u015fyalar\u0131 ciddi manada tehdit alt\u0131na almakta yo\u011fun ara\u00e7 trafik ak\u0131\u015f\u0131ndan kaynaklanan zehirli eksoz gazlar\u0131na kar\u015f\u0131 koyulmas\u0131 gerekiyor. Bilindi\u011fi \u00fczere T\u00fcrkiye de \u00fcretimi yap\u0131lmas\u0131 pilanlanan elektirikli ara\u00e7 \u00fcretimi faliyet a\u015famas\u0131nda olan TOGG marka elektirikli ara\u00e7 Ankara i\u00e7in \u00fcretime ge\u00e7mesi halinde \u00e7evre kirlili\u011fine birazda olsa \u00e7evre kirlili\u011fi azalacak o zaman evinizde bulunana y\u0131kanmas\u0131 gereken bu tarz e\u015fyalar\u0131n\u0131z daha az kirlenecek y\u0131lda 2 veya 3 defa y\u0131kanmas\u0131 gereken e\u015fyalar y\u0131lda bir defa temizlenme ihtiyac\u0131 duyacak. Bu y\u0131kama i\u015flemi Togg elektirikli arabalar \u00fcretimi h\u0131z ile artmas\u0131 durumunda yak\u0131t tasarrufu yan\u0131 s\u0131ra y\u0131kama hizmeti i\u00e7in ay\u0131rd\u0131\u011f\u0131n\u0131z b\u00fct\u00e7enizde yat\u0131 yar\u0131ya d\u00fc\u015fer kesenize y\u0131ll\u0131k b\u00fct\u00e7enize b\u00fcy\u00fck \u00f6l\u00e7\u00fcde faydas\u0131 bulunacakt\u0131r.<\/p><p style=\"text-align: justify;\">\u00a0<\/p><p style=\"text-align: justify;\">\u00a0<\/p><p style=\"text-align: justify;\">\u00c7ankaya,Dikmen,Ke\u00e7i\u00f6ren,Sokullu,\u0130lker,Ayranc\u0131,Mamak,Akdere,Demetevler,Oran,K\u0131rkonaklar,Etlik,K\u00fc\u00e7\u00fckesat,Yenimahalle,\u0130ncirli,Ayranc\u0131 ve buna benzer k\u0131saca Ankara il s\u0131n\u0131rlar\u0131 i\u00e7ersindeki b\u00fct\u00fcn b\u00f6lgelere en uygun fiyat garantisinde yerinde yani evinizde koltuk y\u0131kama hizmeti vermektedir.Profesyonel \u2013 antibakteriyel koltuk y\u0131kama konusunda uzman kadrosu ile hizmet veren Ankara genelindeki say\u0131l\u0131 tek firmad\u0131r.Ankara,n\u0131n hangi b\u00f6lgesinde olursan\u0131z olun duvardan duvara ta\u015f\u0131nmaz hal\u0131 ve koltuk tak\u0131mlar\u0131n\u0131z\u0131 kendi yerinde evinizde profesyonel son teknoloji ekipmanlar ile kap\u0131n\u0131zda y\u0131kama hizmeti veren tek firmad\u0131r.Antika hal\u0131-kilim -koltuk tak\u0131mlar\u0131n\u0131z\u0131 \u00f6zel \u015fampuanlar ile koltuk ve hal\u0131lar\u0131n\u0131z\u0131n renklerini bozmama garantisi veren ve temizleyen koltuk y\u0131kama fabrikam\u0131z bu hizmetleri kendi g\u00f6z\u00fcn\u00fcz \u00f6n\u00fcnde sizlerin nezaretinde evinizde temizlemektedir.Evde hal\u0131 ve koltuk y\u0131kama i\u015flemi \u00e7ok me\u015fakatl\u0131 bir i\u015ftir unutmay\u0131nki Dostlar hal\u0131 y\u0131kama bu me\u015fakatl\u0131 i\u015flemi kendi b\u00fcnyesinde \u00fcstlenerek sizlere en kaliteli hizmeti sunman\u0131n gururunu ya\u015famaktad\u0131r.<\/p><p style=\"text-align: justify;\">\u00a0<\/p><p style=\"text-align: justify;\">\u00a0<\/p><p style=\"text-align: justify;\">Koltuk Y\u0131kama, \u00c7ankaya Hal\u0131 Y\u0131kama, Dikmen Hal\u0131 Y\u0131kama, \u00d6ve\u00e7ler Hal\u0131 Y\u0131kama, \u0130skitler Hal\u0131 Y\u0131kama, G\u00f6lba\u015f\u0131 Hal\u0131 Y\u0131kama, Etlik Hal\u0131 Y\u0131kama, Emek Hal\u0131 Y\u0131kama, Y\u00fcz\u00fcnc\u00fcy\u0131l Hal\u0131 Y\u0131kama, Ayranc\u0131 Hal\u0131 Y\u0131kama, Demetevler Hal\u0131 Y\u0131kama, Yenimahalle Hal\u0131 Y\u0131kama, Ostim Hal\u0131 Y\u0131kama, Sokullu Hal\u0131 Y\u0131kama, Balgat Hal\u0131 Y\u0131kama, Y\u00fcn Hal\u0131 Y\u0131kama, \u015eaggi Hal\u0131 Y\u0131kama, Ankara Hal\u0131 Y\u0131kama, Dostlar Hal\u0131 Y\u0131kama, G\u00fczel Hal\u0131 Y\u0131kama, Hereke Hal\u0131 Y\u0131kama, Yerinde Hal\u0131 Y\u0131kama, Profosyonel Hal\u0131 Y\u0131kama, Akdere Hal\u0131 Y\u0131kama, Oran Hal\u0131 Y\u0131kama, Gaziosmanpa\u015fa Hal\u0131 Y\u0131kama, Kolej Hal\u0131 Y\u0131kama, \u0130ncesu Hal\u0131 Y\u0131kama, Kurtulu\u015f Hal\u0131 Y\u0131kama, Ke\u00e7i\u00f6ren Hal\u0131 Y\u0131kama, Keklikp\u0131nar\u0131 Hal\u0131 Y\u0131kama, ilker Hal\u0131 Y\u0131kama, \u00c7ukurambar Hal\u0131 Y\u0131kama, Bah\u00e7elievler Hal\u0131 Y\u0131kama, \u0130ncirli Hal\u0131 Y\u0131kama, \u0130lkad\u0131m Hal\u0131 Y\u0131kama, Mebusevleri Hal\u0131 Y\u0131kama, Mamak Hal\u0131 Y\u0131kama, Maltepe Hal\u0131 Y\u0131kama, S\u00f6\u011f\u00fct\u00f6z\u00fc Hal\u0131 Y\u0131kama, S\u0131hhiye Hal\u0131 Y\u0131kama, K\u0131z\u0131lay Hal\u0131 Y\u0131kama, K\u0131rkkonaklar Hal\u0131 Y\u0131kama, Mustafa Kemal Mahallesi Hal\u0131 Y\u0131kama, Gazi Mahallesi Hal\u0131 Y\u0131kama, Subayevleri Hal\u0131 Y\u0131kama, Siteler Hal\u0131 Y\u0131kama, Ankara Koltuk Y\u0131kama, Evde Koltuk Y\u0131kama, Profosyonel Koltuk Y\u0131kama, Koltuk Y\u0131kama, \u00c7ankaya Koltuk Y\u0131kama, Demetevler Koltuk Y\u0131kama, Etlik Koltuk Y\u0131kama, Profosyonel Koltuk Y\u0131kama, Buharl\u0131 Koltuk Y\u0131kama, Garantili Koltuk Y\u0131kama, En Uygun Koltuk Y\u0131kama Fiyatlar\u0131, En \u0130yi Koltuk Y\u0131kama, Yenimahalle Koltuk Y\u0131kama, Dikmen Koltuk Y\u0131kama, \u00c7ukurambar Koltuk Y\u0131kama, S\u00f6\u011f\u00fct\u00f6z\u00fc Koltuk Y\u0131kama, Y\u00fcz\u00fcnc\u00fcy\u0131l Koltuk Y\u0131kama, Ya\u015famken Koltuk Y\u0131kama, \u00dcmitk\u00f6y Koltuk Y\u0131kama, Bat\u0131kent Koltuk Y\u0131kama, Balgat Koltuk Y\u0131kama, Mamak Koltuk Y\u0131kama, Siteler Koltuk Y\u0131kama, Oran Koltuk Y\u0131kama, \u00d6ve\u00e7ler Koltuk Y\u0131kama, Ke\u00e7i\u00f6ren Koltuk Y\u0131kama, K\u0131z\u0131lay Koltuk Y\u0131kama, K\u0131rkkonaklar Koltuk Y\u0131kama, Emek Koltuk Y\u0131kama, Kolej Koltuk Y\u0131kama, Ayranc\u0131 Koltuk Y\u0131kama, Evde Koltuk Y\u0131kama, Yerinde Koltuk Y\u0131kama, Saimekad\u0131n Koltuk Y\u0131kama, Subayevleri Koltuk Y\u0131kama, Koltuk Y\u0131kama Ankara, Kanepe Koltuk Y\u0131kama, Antibakteriyel Koltuk Y\u0131kama, Sokullu Koltuk Y\u0131kama, \u0130lker Koltuk Y\u0131kama, \u0130ncek Koltuk Y\u0131kama, G\u00f6lba\u015f\u0131 Koltuk Y\u0131kama, Sincan Koltuk Y\u0131kama, Etimesgut Koltuk Y\u0131kama, Alt\u0131nda\u011f Koltuk Y\u0131kama, Mamak Koltuk Y\u0131kama, \u00c7ukurambar Koltuk Y\u0131kama, Balgat Koltuk Y\u0131kama, Bah\u00e7elievler Koltuk Y\u0131kama, Dikimevi Koltuk Y\u0131kama, Bilkent Koltuk Y\u0131kama,S\u0131hhiye Koltuk Y\u0131kama, Garantili Koltuk Y\u0131kama, Kurtulu\u015f Koltuk Y\u0131kama, Macunk\u00f6y Koltuk Y\u0131kama, Deri Koltuk Y\u0131kama, 100.Y\u0131l Koltuk Y\u0131kama, Alt\u0131npark Koltuk Y\u0131kama, Mebusevleri Koltuk Y\u0131kama, Fak\u00fclteler Koltuk Y\u0131kama, Dostla\u00ae Koltuk Y\u0131kama, Seyranba\u011flar\u0131 Koltuk Y\u0131kama, Gaziosmanpa\u015fa Koltuk Y\u0131kama, Karap\u00fcr\u00e7ek Koltuk Y\u0131kama, Pursaklar Koltuk Y\u0131kama, Y\u0131ld\u0131z Koltuk Y\u0131kama, Yukar\u0131 Ayranc\u0131 Koltuk, G\u00fczel Koltuk Y\u0131kama, En \u0130yi Koltuk Y\u0131kama, En Uygun Fiyat Koltuk Y\u0131kama, Koltuk Y\u0131kama Ankara, Ankara Stor Perde Y\u0131kama, Ankara Zebra Perde Y\u0131kama, Ankara Yatak Y\u0131kama, Ankara Koltuk Y\u0131kama Firmalar\u0131, Koltuk Y\u0131kamac\u0131, Koltuk Y\u0131kamac\u0131lar, Ayranc\u0131 Koltuk Y\u0131kamac\u0131lar<\/p><\/div>\t\t\t\t\t\t\t\t<\/div>\n\t\t\t\t<\/div>\n\t\t                <\/div>\n                    <\/div>\n        <\/div>\n                                <\/div>\n                    <\/div>\n        <\/section>\n        \t\t<\/div>\n\t\t","protected":false},"excerpt":{"rendered":"<p>\u00a0 Ankara Hal\u0131 ve Koltuk Y\u0131kama firmam\u0131z yakla\u015f\u0131k 20 senedir Ankara b\u00f6lgesinde Ankara Hal\u0131 ve Koltuk Y\u0131kama hizmeti sunmaktad\u0131r.Biz Dostlar Hal\u0131 ve Koltuk Y\u0131kama olarak sizlere daha iyi bir hizmet vermenin amac\u0131nday\u0131z.Dostlar Ankara Koltuk Y\u0131kama kesinlikle arac\u0131 ve ta\u015feron bir firma olmayan Ankara b\u00f6lgesinin say\u0131l\u0131 Koltuk ve Hal\u0131 Y\u0131kama alan\u0131nda ekip ve ekipmanlar\u0131 kendi b\u00fcnyesinde [&hellip;]<\/p>\n","protected":false},"author":1,"featured_media":0,"parent":35,"menu_order":0,"comment_status":"closed","ping_status":"closed","template":"","meta":{"footnotes":""},"class_list":["post-9167","page","type-page","status-publish","hentry"],"_links":{"self":[{"href":"https:\/\/dostlarkoltukyikama.com.tr\/TR\/index.php\/wp-json\/wp\/v2\/pages\/9167","targetHints":{"allow":["GET"]}}],"collection":[{"href":"https:\/\/dostlarkoltukyikama.com.tr\/TR\/index.php\/wp-json\/wp\/v2\/pages"}],"about":[{"href":"https:\/\/dostlarkoltukyikama.com.tr\/TR\/index.php\/wp-json\/wp\/v2\/types\/page"}],"author":[{"embeddable":true,"href":"https:\/\/dostlarkoltukyikama.com.tr\/TR\/index.php\/wp-json\/wp\/v2\/users\/1"}],"replies":[{"embeddable":true,"href":"https:\/\/dostlarkoltukyikama.com.tr\/TR\/index.php\/wp-json\/wp\/v2\/comments?post=9167"}],"version-history":[{"count":4,"href":"https:\/\/dostlarkoltukyikama.com.tr\/TR\/index.php\/wp-json\/wp\/v2\/pages\/9167\/revisions"}],"predecessor-version":[{"id":9260,"href":"https:\/\/dostlarkoltukyikama.com.tr\/TR\/index.php\/wp-json\/wp\/v2\/pages\/9167\/revisions\/9260"}],"up":[{"embeddable":true,"href":"https:\/\/dostlarkoltukyikama.com.tr\/TR\/index.php\/wp-json\/wp\/v2\/pages\/35"}],"wp:attachment":[{"href":"https:\/\/dostlarkoltukyikama.com.tr\/TR\/index.php\/wp-json\/wp\/v2\/media?parent=9167"}],"curies":[{"name":"wp","href":"https:\/\/api.w.org\/{rel}","templated":true}]}}