{"id":33,"date":"2021-09-23T03:28:10","date_gmt":"2021-09-23T00:28:10","guid":{"rendered":"https:\/\/demo.casethemes.net\/itfirm\/?page_id=33"},"modified":"2023-02-09T14:50:45","modified_gmt":"2023-02-09T11:50:45","slug":"hali-koltuk-yikama-anakra-hakkimizda","status":"publish","type":"page","link":"https:\/\/dostlarkoltukyikama.com.tr\/TR\/index.php\/hali-koltuk-yikama-anakra-hakkimizda\/","title":{"rendered":"HAKKIMIZDA"},"content":{"rendered":"\t\t<div data-elementor-type=\"wp-page\" data-elementor-id=\"33\" class=\"elementor elementor-33\">\n\t\t\t\t        <section class=\"elementor-section elementor-top-section elementor-element elementor-element-8471de7 elementor-section-stretched elementor-section-boxed elementor-section-height-default elementor-section-height-default ct-header-fixed-none ct-column-none ct-row-scroll-none ct-row-gradient--none\" data-id=\"8471de7\" data-element_type=\"section\" data-settings=\"{&quot;stretch_section&quot;:&quot;section-stretched&quot;,&quot;background_background&quot;:&quot;classic&quot;}\">\n            \n                        <div class=\"elementor-container elementor-column-gap-extended \">\n                            <div class=\"elementor-row\">\n                    <div class=\"elementor-column elementor-col-50 elementor-top-column elementor-element elementor-element-df51e7f ct-column-none col-offset-none col-color-offset-none\" data-id=\"df51e7f\" data-element_type=\"column\">\n            <div class=\"elementor-column-wrap elementor-element-populated\">\n                            <div class=\"elementor-widget-wrap\">\n                \t\t<div class=\"elementor-element elementor-element-1933fbea elementor-widget elementor-widget-ct_heading\" data-id=\"1933fbea\" data-element_type=\"widget\" data-widget_type=\"ct_heading.default\">\n\t\t\t\t<div class=\"elementor-widget-container\">\n\t\t\t\t\t<div id=\"ct_heading-1933fbea\" class=\"ct-heading h-align- item-st-default highlight-style1\">\r\n  <div class=\"ct-heading--inner\"> \r\n    <div class=\"ct-inline-css\"  data-css=\"\r\n                                \">\r\n    <\/div>\r\n      <div class=\"item--text-below\">\r\n      <div class=\"ct-inline-css\"  data-css=\"\r\n        \">\r\n      <\/div>\r\n          <\/div>\r\n  \r\n\t\t\t<div class=\"item--sub-title style-icon-right \" data-wow-delay=\"ms\">\r\n                        <span>\r\n                DOSTLAR Hal\u0131 Koltuk Y\u0131kama            <\/span>\r\n                            <svg class=\"svg-right\" xmlns=\"http:\/\/www.w3.org\/2000\/svg\" xmlns:xlink=\"http:\/\/www.w3.org\/1999\/xlink\" width=\"33\" height=\"21\" viewBox=\"0 0 33 21\">\r\n                  <defs>\r\n                    <style>\r\n                      .h-cls-1, .h-cls-2 {\r\n                        fill: none;\r\n                        stroke-width: 3px;\r\n                        fill-rule: evenodd;\r\n                      }\r\n\r\n                      .h-cls-1 {\r\n                        filter: url(#filter);\r\n                      }\r\n\r\n                      .h-cls-2 {\r\n                        filter: url(#filter-2);\r\n                      }\r\n                    <\/style>\r\n                    <filter id=\"right-h-filterct_heading-1933fbea\" x=\"-0.125\" y=\"-0.094\" width=\"32.406\" height=\"12\" filterUnits=\"userSpaceOnUse\">\r\n                      <feFlood result=\"flood\"\/>\r\n                      <feComposite result=\"composite\" operator=\"in\" in2=\"SourceGraphic\"\/>\r\n                      <feBlend result=\"blend\" in2=\"SourceGraphic\"\/>\r\n                    <\/filter>\r\n                    <filter id=\"right-h-filter-2ct_heading-1933fbea\" x=\"-10\" y=\"14.594\" width=\"29.656\" height=\"6.406\" filterUnits=\"userSpaceOnUse\">\r\n                      <feFlood result=\"flood\"\/>\r\n                      <feComposite result=\"composite\" operator=\"in\" in2=\"SourceGraphic\"\/>\r\n                      <feBlend result=\"blend\" in2=\"SourceGraphic\"\/>\r\n                    <\/filter>\r\n\r\n                    <linearGradient id=\"right-h-grad1ct_heading-1933fbea\" x1=\"0%\" y1=\"0%\" x2=\"100%\" y2=\"0%\">\r\n                      <stop offset=\"0%\" style=\"stop-color:#006cff;stop-opacity:1\" \/>\r\n                      <stop offset=\"100%\" style=\"stop-color:#1227b8;stop-opacity:1\" \/>\r\n                    <\/linearGradient>\r\n\r\n                  <\/defs>\r\n                  <g>\r\n                    <g style=\"fill: none; filter: url(#right-h-filterct_heading-1933fbea)\">\r\n                      <path id=\"right-h-pathct_heading-1933fbea\" class=\"h-cls-1\" d=\"M-0.117,8.9H27.036s5.078-3.073,0-6.517\" style=\"stroke: inherit; filter: none;\"\/>\r\n                    <\/g>\r\n                    <use xlink:href=\"#right-h-pathct_heading-1933fbea\" style=\"stroke: url(#right-h-grad1ct_heading-1933fbea); filter: none; fill: none\"\/>\r\n                    <g style=\"fill: none; filter: url(#right-h-filter-2ct_heading-1933fbea)\">\r\n                      <path id=\"right-h-bgct_heading-1933fbea\" class=\"h-cls-2\" d=\"M-9.991,14.594H17.352s5.114,3.027,0,6.422\" style=\"stroke: inherit; filter: none;\"\/>\r\n                    <\/g>\r\n                    <use xlink:href=\"#right-h-bgct_heading-1933fbea\" style=\"stroke: url(#right-h-grad1ct_heading-1933fbea); filter: none; fill: none\"\/>\r\n                  <\/g>\r\n                <\/svg>\r\n                    <\/div>\r\n\t    <h3 class=\"item--title st-default \" data-wow-delay=\"ms\">\r\n        <span class=\"ct-text-inner\">         <cite class=\"ct-text-highlight\">\r\n            Neden bizi se\u00e7melisiniz\n        <\/cite>\r\n        \n<\/span>    <\/h3>\r\n  <\/div>\r\n<\/div>\r\n\t\t\t\t<\/div>\n\t\t\t\t<\/div>\n\t\t\t\t<div class=\"elementor-element elementor-element-2859f74 elementor-widget elementor-widget-text-editor\" data-id=\"2859f74\" data-element_type=\"widget\" data-widget_type=\"text-editor.default\">\n\t\t\t\t<div class=\"elementor-widget-container\">\n\t\t\t\t\t\t\t\t\t<p style=\"text-align: justify;\"><strong>Ankara DOSTLAR Hal\u0131 Koltuk Y\u0131kama<\/strong> olarak amac\u0131m\u0131z; sizlere modern, g\u00fcvenilir, profesyonel \u00e7al\u0131\u015fan, sistemli, m\u00fc\u015fteri memnuniyeti odakl\u0131 kaliteli bir i\u015fletmecilik anlay\u0131\u015f\u0131 kurulmu\u015ftur.<em>\u00a0<strong>Hal\u0131 y\u0131kama<\/strong>\u00a0,\u00a0<strong>Yorgan Y\u0131kama , Battaniye Y\u0131kama<\/strong>\u00a0,\u00a0<strong>Koltuk Y\u0131kama<\/strong>\u00a0\u00a0<strong>ve Stor Perde\u00a0 Y\u0131kama<\/strong><\/em>\u00a0hizmetleri sunmakt\u0131r.<\/p><p style=\"text-align: justify;\">Hal\u0131 y\u0131katmada ilk tercihiniz\u00a0<strong>Dostlar Hal\u0131 Y\u0131kama fabrikas\u0131<\/strong>\u00a0gibi tam donan\u0131ml\u0131 bir y\u0131kama fabrikas\u0131 olmal\u0131d\u0131r. Size bir telefon kadar yak\u0131n\u0131z.<\/p><p style=\"text-align: justify;\">Bizi se\u00e7ti\u011finiz i\u00e7in te\u015fekk\u00fcr ederiz.<\/p><h3 style=\"text-align: justify;\">Ankara Hal\u0131 Y\u0131kama Fabrikas\u0131<\/h3><p style=\"text-align: justify;\"><strong>Ankara Hal\u0131 Y\u0131kama<\/strong>\u00a0\u2018da En Uygun Fiyatlar, En Profesyonel Hizmet ve\u00a0<b>%100 Hijyenik<\/b>\u00a0Hal\u0131lara Sahip Olun!<\/p><p style=\"text-align: justify;\">Hem Sevdiklerinizi Hem Hal\u0131lar\u0131n\u0131z\u0131 Tehlikeye Atmay\u0131n!<\/p><p style=\"text-align: justify;\">Her zaman ilk hedefimiz m\u00fc\u015fteri memnuniyetidir. En iyi reklam politikam\u0131z ise kom\u015fulara \u00f6nerilmektedir. Biz DOSTLAR Hal\u0131 Koltuk\u00a0 olarak \u015fimdiye kadar \u0130nternet reklam\u0131 haricinden hi\u00e7 bir reklam vermedik. Buna ra\u011fmen siz de\u011ferli m\u00fc\u015fterilerimizin tavsiyeleri ile her ge\u00e7en sene mutlu m\u00fc\u015fteri say\u0131m\u0131z\u0131 artt\u0131rd\u0131k. Bizim en b\u00fcy\u00fck g\u00fcc\u00fcm\u00fcz sizlersiniz. Sizlere en iyi hizmeti verebilmek i\u00e7in \u00e7al\u0131\u015fmaya devam ediyoruz.<\/p>\t\t\t\t\t\t\t\t<\/div>\n\t\t\t\t<\/div>\n\t\t                <\/div>\n                    <\/div>\n        <\/div>\n                <div class=\"elementor-column elementor-col-50 elementor-top-column elementor-element elementor-element-bc87556 ct-column-none col-offset-none col-color-offset-none\" data-id=\"bc87556\" data-element_type=\"column\">\n            <div class=\"elementor-column-wrap\">\n                            <div class=\"elementor-widget-wrap\">\n                                <\/div>\n                    <\/div>\n        <\/div>\n                                <\/div>\n                    <\/div>\n        <\/section>\n        \t\t<\/div>\n\t\t","protected":false},"excerpt":{"rendered":"<p>DOSTLAR Hal\u0131 Koltuk Y\u0131kama &nbsp; Neden bizi se\u00e7melisiniz Ankara DOSTLAR Hal\u0131 Koltuk Y\u0131kama olarak amac\u0131m\u0131z; sizlere modern, g\u00fcvenilir, profesyonel \u00e7al\u0131\u015fan, sistemli, m\u00fc\u015fteri memnuniyeti odakl\u0131 kaliteli bir i\u015fletmecilik anlay\u0131\u015f\u0131 kurulmu\u015ftur.\u00a0Hal\u0131 y\u0131kama\u00a0,\u00a0Yorgan Y\u0131kama , Battaniye Y\u0131kama\u00a0,\u00a0Koltuk Y\u0131kama\u00a0\u00a0ve Stor Perde\u00a0 Y\u0131kama\u00a0hizmetleri sunmakt\u0131r. Hal\u0131 y\u0131katmada ilk tercihiniz\u00a0Dostlar Hal\u0131 Y\u0131kama fabrikas\u0131\u00a0gibi tam donan\u0131ml\u0131 bir y\u0131kama fabrikas\u0131 olmal\u0131d\u0131r. Size bir telefon [&hellip;]<\/p>\n","protected":false},"author":1,"featured_media":0,"parent":0,"menu_order":0,"comment_status":"closed","ping_status":"closed","template":"","meta":{"footnotes":""},"class_list":["post-33","page","type-page","status-publish","hentry"],"_links":{"self":[{"href":"https:\/\/dostlarkoltukyikama.com.tr\/TR\/index.php\/wp-json\/wp\/v2\/pages\/33","targetHints":{"allow":["GET"]}}],"collection":[{"href":"https:\/\/dostlarkoltukyikama.com.tr\/TR\/index.php\/wp-json\/wp\/v2\/pages"}],"about":[{"href":"https:\/\/dostlarkoltukyikama.com.tr\/TR\/index.php\/wp-json\/wp\/v2\/types\/page"}],"author":[{"embeddable":true,"href":"https:\/\/dostlarkoltukyikama.com.tr\/TR\/index.php\/wp-json\/wp\/v2\/users\/1"}],"replies":[{"embeddable":true,"href":"https:\/\/dostlarkoltukyikama.com.tr\/TR\/index.php\/wp-json\/wp\/v2\/comments?post=33"}],"version-history":[{"count":12,"href":"https:\/\/dostlarkoltukyikama.com.tr\/TR\/index.php\/wp-json\/wp\/v2\/pages\/33\/revisions"}],"predecessor-version":[{"id":9162,"href":"https:\/\/dostlarkoltukyikama.com.tr\/TR\/index.php\/wp-json\/wp\/v2\/pages\/33\/revisions\/9162"}],"wp:attachment":[{"href":"https:\/\/dostlarkoltukyikama.com.tr\/TR\/index.php\/wp-json\/wp\/v2\/media?parent=33"}],"curies":[{"name":"wp","href":"https:\/\/api.w.org\/{rel}","templated":true}]}}